{"id":207,"date":"2016-02-21T09:47:28","date_gmt":"2016-02-21T08:47:28","guid":{"rendered":"http:\/\/cambraihandball.com\/?page_id=207"},"modified":"2023-09-29T22:27:58","modified_gmt":"2023-09-29T20:27:58","slug":"devenir-partenaire","status":"publish","type":"page","link":"https:\/\/cambraihandball.com\/index.php\/devenir-partenaire\/","title":{"rendered":"Devenir partenaire"},"content":{"rendered":"\n<h2 class=\"wp-block-heading\">Devenez partenaire de notre aventure sportive<\/h2>\n\n\n\n<div style=\"height:21px\" aria-hidden=\"true\" class=\"wp-block-spacer\"><\/div>\n\n\n\n<p>Le handball, sport dynamique et exaltant, r\u00e9unit des passionn\u00e9.es de tous horizons autour d&rsquo;une m\u00eame passion : la balle en main, l&rsquo;\u00e9quipe et le plaisir du jeu. Le HBC Cambrai incarne cette passion avec ferveur, aspirant \u00e0 promouvoir ce sport \u00e0 l&rsquo;\u00e9chelle locale tout en cr\u00e9ant un espace d&rsquo;\u00e9panouissement pour nos joueurs et joueuses !<\/p>\n\n\n\n<div style=\"height:21px\" aria-hidden=\"true\" class=\"wp-block-spacer\"><\/div>\n\n\n\n<p>Nous invitons les entreprises partageant notre vision \u00e0 devenir nos pr\u00e9cieux partenaires. En collaborant avec notre club, vous investissez dans le d\u00e9veloppement du sport local et b\u00e9n\u00e9ficiez d&rsquo;une visibilit\u00e9 accrue gr\u00e2ce \u00e0 nos nombreux \u00e9v\u00e9nements et plateformes de communication.<\/p>\n\n\n\n<div style=\"height:21px\" aria-hidden=\"true\" class=\"wp-block-spacer\"><\/div>\n\n\n\n<p>Si vous souhaitez soutenir notre club de handball et contribuer \u00e0 notre succ\u00e8s, n&rsquo;h\u00e9sitez pas \u00e0 nous contacter.<\/p>\n\n\n\n<div class=\"wp-block-buttons is-content-justification-center is-layout-flex wp-container-core-buttons-is-layout-16018d1d wp-block-buttons-is-layout-flex\">\n<div class=\"wp-block-button\"><a class=\"wp-block-button__link has-black-color has-luminous-vivid-amber-background-color has-text-color has-background wp-element-button\" href=\"https:\/\/cambraihandball.com\/index.php\/nous-contacter\/\"><strong>Nous contacter<\/strong><\/a><\/div>\n<\/div>\n","protected":false},"excerpt":{"rendered":"<p>Devenez partenaire de notre aventure sportive Le handball, sport dynamique et exaltant, r\u00e9unit des passionn\u00e9.es de tous horizons autour d&rsquo;une m\u00eame passion : la balle en main, l&rsquo;\u00e9quipe et le plaisir du jeu. Le HBC Cambrai incarne cette passion avec ferveur, aspirant \u00e0 promouvoir ce sport \u00e0 l&rsquo;\u00e9chelle locale tout en cr\u00e9ant un espace d&rsquo;\u00e9panouissement [&hellip;]<\/p>\n","protected":false},"author":1,"featured_media":0,"parent":0,"menu_order":0,"comment_status":"closed","ping_status":"closed","template":"","meta":{"jetpack_post_was_ever_published":false,"footnotes":""},"class_list":["post-207","page","type-page","status-publish","hentry"],"jetpack_sharing_enabled":true,"jetpack_shortlink":"https:\/\/wp.me\/P8CKFW-3l","jetpack_likes_enabled":false,"_links":{"self":[{"href":"https:\/\/cambraihandball.com\/index.php\/wp-json\/wp\/v2\/pages\/207","targetHints":{"allow":["GET"]}}],"collection":[{"href":"https:\/\/cambraihandball.com\/index.php\/wp-json\/wp\/v2\/pages"}],"about":[{"href":"https:\/\/cambraihandball.com\/index.php\/wp-json\/wp\/v2\/types\/page"}],"author":[{"embeddable":true,"href":"https:\/\/cambraihandball.com\/index.php\/wp-json\/wp\/v2\/users\/1"}],"replies":[{"embeddable":true,"href":"https:\/\/cambraihandball.com\/index.php\/wp-json\/wp\/v2\/comments?post=207"}],"version-history":[{"count":0,"href":"https:\/\/cambraihandball.com\/index.php\/wp-json\/wp\/v2\/pages\/207\/revisions"}],"wp:attachment":[{"href":"https:\/\/cambraihandball.com\/index.php\/wp-json\/wp\/v2\/media?parent=207"}],"curies":[{"name":"wp","href":"https:\/\/api.w.org\/{rel}","templated":true}]}}