{"id":2,"date":"2016-02-09T20:11:21","date_gmt":"2016-02-09T19:11:21","guid":{"rendered":"http:\/\/cambraihandball.com\/?page_id=2"},"modified":"2026-04-18T19:36:19","modified_gmt":"2026-04-18T17:36:19","slug":"equipe-senior-filles","status":"publish","type":"page","link":"https:\/\/cambraihandball.com\/index.php\/les-equipes-du-hbcc\/equipe-senior-filles\/","title":{"rendered":"\u00c9quipe S\u00e9nior F"},"content":{"rendered":"\n<h2 class=\"wp-block-heading\">\u00c9quipe S\u00e9nior F<\/h2>\n\n\n\n<div style=\"height:20px\" aria-hidden=\"true\" class=\"wp-block-spacer\"><\/div>\n\n\n\n<figure class=\"wp-block-image size-large\"><img loading=\"lazy\" decoding=\"async\" width=\"1024\" height=\"663\" src=\"https:\/\/cambraihandball.com\/wp-content\/uploads\/2026\/04\/image-21-1024x663.png\" alt=\"\" class=\"wp-image-147484\" srcset=\"https:\/\/cambraihandball.com\/wp-content\/uploads\/2026\/04\/image-21-1024x663.png 1024w, https:\/\/cambraihandball.com\/wp-content\/uploads\/2026\/04\/image-21-300x194.png 300w, https:\/\/cambraihandball.com\/wp-content\/uploads\/2026\/04\/image-21-768x497.png 768w, https:\/\/cambraihandball.com\/wp-content\/uploads\/2026\/04\/image-21.png 1186w\" sizes=\"auto, (max-width: 1024px) 100vw, 1024px\" \/><\/figure>\n\n\n\n<p class=\"has-text-align-center\"><strong>Entraineur <\/strong>: Fabien Jollivet<\/p>\n\n\n\n<p class=\"has-text-align-center\"><strong>Cr\u00e9neau d&rsquo;entrainement <\/strong> : Mercredi 20h00 &#8211; 21h30 et Vendredi 20h00 &#8211; 22h00<\/p>\n\n\n\n<p><\/p>\n","protected":false},"excerpt":{"rendered":"<p>\u00c9quipe S\u00e9nior F Entraineur : Fabien Jollivet Cr\u00e9neau d&rsquo;entrainement : Mercredi 20h00 &#8211; 21h30 et Vendredi 20h00 &#8211; 22h00<\/p>\n","protected":false},"author":11,"featured_media":0,"parent":318,"menu_order":0,"comment_status":"closed","ping_status":"closed","template":"","meta":{"jetpack_post_was_ever_published":false,"footnotes":""},"class_list":["post-2","page","type-page","status-publish","hentry"],"jetpack_sharing_enabled":true,"jetpack_shortlink":"https:\/\/wp.me\/P8CKFW-2","jetpack_likes_enabled":false,"_links":{"self":[{"href":"https:\/\/cambraihandball.com\/index.php\/wp-json\/wp\/v2\/pages\/2","targetHints":{"allow":["GET"]}}],"collection":[{"href":"https:\/\/cambraihandball.com\/index.php\/wp-json\/wp\/v2\/pages"}],"about":[{"href":"https:\/\/cambraihandball.com\/index.php\/wp-json\/wp\/v2\/types\/page"}],"author":[{"embeddable":true,"href":"https:\/\/cambraihandball.com\/index.php\/wp-json\/wp\/v2\/users\/11"}],"replies":[{"embeddable":true,"href":"https:\/\/cambraihandball.com\/index.php\/wp-json\/wp\/v2\/comments?post=2"}],"version-history":[{"count":1,"href":"https:\/\/cambraihandball.com\/index.php\/wp-json\/wp\/v2\/pages\/2\/revisions"}],"predecessor-version":[{"id":147485,"href":"https:\/\/cambraihandball.com\/index.php\/wp-json\/wp\/v2\/pages\/2\/revisions\/147485"}],"up":[{"embeddable":true,"href":"https:\/\/cambraihandball.com\/index.php\/wp-json\/wp\/v2\/pages\/318"}],"wp:attachment":[{"href":"https:\/\/cambraihandball.com\/index.php\/wp-json\/wp\/v2\/media?parent=2"}],"curies":[{"name":"wp","href":"https:\/\/api.w.org\/{rel}","templated":true}]}}