{"id":146825,"date":"2024-05-23T09:21:59","date_gmt":"2024-05-23T07:21:59","guid":{"rendered":"https:\/\/cambraihandball.com\/?page_id=146825"},"modified":"2026-03-15T10:15:21","modified_gmt":"2026-03-15T09:15:21","slug":"reglement-du-club","status":"publish","type":"page","link":"https:\/\/cambraihandball.com\/index.php\/accueil\/reglement-du-club\/","title":{"rendered":"R\u00e8glement du Club"},"content":{"rendered":"\n<h1 class=\"wp-block-heading\">R\u00e8glement int\u00e9rieur du Handball Club de Cambrai&nbsp;<\/h1>\n\n\n\n<h3 class=\"wp-block-heading\">Saison 2025-2026<\/h3>\n\n\n\n<p>Retrouvez le R\u00e8glement int\u00e9rieur du HBCC ici : <a href=\"https:\/\/drive.google.com\/file\/d\/1DMIv0mf-vniUJJddhksMmXD2UiiF_hH3\/view?usp=sharing\">lien de t\u00e9l\u00e9chargement<\/a>.<\/p>\n","protected":false},"excerpt":{"rendered":"<p>R\u00e8glement int\u00e9rieur du Handball Club de Cambrai&nbsp; Saison 2025-2026 Retrouvez le R\u00e8glement int\u00e9rieur du HBCC ici : lien de t\u00e9l\u00e9chargement.<\/p>\n","protected":false},"author":1,"featured_media":0,"parent":361,"menu_order":0,"comment_status":"closed","ping_status":"closed","template":"","meta":{"jetpack_post_was_ever_published":false,"footnotes":""},"class_list":["post-146825","page","type-page","status-publish","hentry"],"jetpack_sharing_enabled":true,"jetpack_shortlink":"https:\/\/wp.me\/P8CKFW-Cc9","jetpack_likes_enabled":false,"_links":{"self":[{"href":"https:\/\/cambraihandball.com\/index.php\/wp-json\/wp\/v2\/pages\/146825","targetHints":{"allow":["GET"]}}],"collection":[{"href":"https:\/\/cambraihandball.com\/index.php\/wp-json\/wp\/v2\/pages"}],"about":[{"href":"https:\/\/cambraihandball.com\/index.php\/wp-json\/wp\/v2\/types\/page"}],"author":[{"embeddable":true,"href":"https:\/\/cambraihandball.com\/index.php\/wp-json\/wp\/v2\/users\/1"}],"replies":[{"embeddable":true,"href":"https:\/\/cambraihandball.com\/index.php\/wp-json\/wp\/v2\/comments?post=146825"}],"version-history":[{"count":0,"href":"https:\/\/cambraihandball.com\/index.php\/wp-json\/wp\/v2\/pages\/146825\/revisions"}],"up":[{"embeddable":true,"href":"https:\/\/cambraihandball.com\/index.php\/wp-json\/wp\/v2\/pages\/361"}],"wp:attachment":[{"href":"https:\/\/cambraihandball.com\/index.php\/wp-json\/wp\/v2\/media?parent=146825"}],"curies":[{"name":"wp","href":"https:\/\/api.w.org\/{rel}","templated":true}]}}