{"id":145327,"date":"2020-01-29T17:55:03","date_gmt":"2020-01-29T16:55:03","guid":{"rendered":"http:\/\/cambraihandball.com\/?page_id=145327"},"modified":"2026-04-16T11:38:55","modified_gmt":"2026-04-16T09:38:55","slug":"equipe-15-garcons","status":"publish","type":"page","link":"https:\/\/cambraihandball.com\/index.php\/les-equipes-du-hbcc\/equipe-15-garcons\/","title":{"rendered":"\u00c9quipe -15 G"},"content":{"rendered":"\n<h2 class=\"wp-block-heading\">\u00c9quipe -15 G<\/h2>\n\n\n\n<p>Pas d&rsquo;\u00e9quipe engag\u00e9e cette saison<\/p>\n","protected":false},"excerpt":{"rendered":"<p>\u00c9quipe -15 G Pas d&rsquo;\u00e9quipe engag\u00e9e cette saison<\/p>\n","protected":false},"author":11,"featured_media":0,"parent":318,"menu_order":0,"comment_status":"closed","ping_status":"closed","template":"","meta":{"jetpack_post_was_ever_published":false,"footnotes":""},"class_list":["post-145327","page","type-page","status-publish","hentry"],"jetpack_sharing_enabled":true,"jetpack_shortlink":"https:\/\/wp.me\/P8CKFW-BNZ","jetpack_likes_enabled":false,"_links":{"self":[{"href":"https:\/\/cambraihandball.com\/index.php\/wp-json\/wp\/v2\/pages\/145327","targetHints":{"allow":["GET"]}}],"collection":[{"href":"https:\/\/cambraihandball.com\/index.php\/wp-json\/wp\/v2\/pages"}],"about":[{"href":"https:\/\/cambraihandball.com\/index.php\/wp-json\/wp\/v2\/types\/page"}],"author":[{"embeddable":true,"href":"https:\/\/cambraihandball.com\/index.php\/wp-json\/wp\/v2\/users\/11"}],"replies":[{"embeddable":true,"href":"https:\/\/cambraihandball.com\/index.php\/wp-json\/wp\/v2\/comments?post=145327"}],"version-history":[{"count":1,"href":"https:\/\/cambraihandball.com\/index.php\/wp-json\/wp\/v2\/pages\/145327\/revisions"}],"predecessor-version":[{"id":147445,"href":"https:\/\/cambraihandball.com\/index.php\/wp-json\/wp\/v2\/pages\/145327\/revisions\/147445"}],"up":[{"embeddable":true,"href":"https:\/\/cambraihandball.com\/index.php\/wp-json\/wp\/v2\/pages\/318"}],"wp:attachment":[{"href":"https:\/\/cambraihandball.com\/index.php\/wp-json\/wp\/v2\/media?parent=145327"}],"curies":[{"name":"wp","href":"https:\/\/api.w.org\/{rel}","templated":true}]}}