{"id":1078,"date":"2016-04-22T05:42:48","date_gmt":"2016-04-22T03:42:48","guid":{"rendered":"http:\/\/cambraihandball.com\/?page_id=1078"},"modified":"2026-03-14T16:50:05","modified_gmt":"2026-03-14T15:50:05","slug":"demande-dattestation-fiscale-sur-frais-kilometriques","status":"publish","type":"page","link":"https:\/\/cambraihandball.com\/index.php\/nous-contacter\/demande-dattestation-fiscale-sur-frais-kilometriques\/","title":{"rendered":"Demande d&rsquo;attestation fiscale sur frais kilom\u00e9triques"},"content":{"rendered":"\n<h1 class=\"wp-block-heading\"><strong>Demande d&rsquo;attestation fiscale sur frais kilom\u00e9triques &#8211; Saison 2025 2026<\/strong><\/h1>\n\n\n\n<p><strong>Le Club tient \u00e0 vous remercier pour votre engagement au c\u00f4t\u00e9 des joueuses et joueurs mais aussi pour cette d\u00e9marche qui soulage grandement la tr\u00e9sorerie du Club.<\/strong><\/p>\n\n\n\n<p>Merci de compl\u00e9ter les 8 champs ci-dessous, vous recevrez \u00e0 l&rsquo;adresse de courriel saisie, votre attestation (Cerfa 11580*05) dans les plus brefs d\u00e9lais. <span style=\"color: #ff0000;\">Le club ne pourrait \u00eatre tenu pour responsable de d\u00e9claration erron\u00e9e. V\u00e9rifiez bien les donn\u00e9es saisies avant de les envoyer, notamment le montant calcul\u00e9 (nouveaut\u00e9 depuis 2023).<\/span> Un double de la demande restera \u00e0 la disposition des autorit\u00e9s comp\u00e9tentes. Vous pouvez toutefois rectifier celle-ci si l&rsquo;attestation re\u00e7ue ne correspondait pas \u00e0 votre saisie en contactant le webmaster (via la barre de menu, \u00ab\u00a0Nous contacter\u00a0\u00bb).<\/p>\n\n\n\n<p><em>Rappel : l&rsquo;\u00e9mission par le Club de cette attestation &#8211; et son envoi par courriel suite \u00e0 votre demande-, vous engage de fait \u00e0 renoncer au remboursement par le Club des d\u00e9penses d\u00e9montr\u00e9es. Vous retrouverez cette mention en fin d&rsquo;attestation (4).<\/em><\/p>\n\n\n\n<p class=\"has-text-align-center\"><strong><span style=\"color: #fecc01;\">*NOUVEAUT\u00c9 depuis 2023 : Le bar\u00e8me kilom\u00e9trique est align\u00e9 sur les d\u00e9placements professionnels<\/span><\/strong><\/p>\n\n\n\n<p><a href=\"https:\/\/www.service-public.fr\/particuliers\/vosdroits\/F1132\">https:\/\/www.service-public.fr\/particuliers\/vosdroits\/F1132<\/a><\/p>\n\n\n\n<figure class=\"wp-block-image\"><img loading=\"lazy\" decoding=\"async\" width=\"814\" height=\"315\" src=\"https:\/\/cambraihandball.com\/wp-content\/uploads\/2023\/04\/Capture-de\u0301cran-2023-04-22-a\u0300-18.44.00.png\" alt=\"\" class=\"wp-image-146209\" srcset=\"https:\/\/cambraihandball.com\/wp-content\/uploads\/2023\/04\/Capture-de\u0301cran-2023-04-22-a\u0300-18.44.00.png 814w, https:\/\/cambraihandball.com\/wp-content\/uploads\/2023\/04\/Capture-de\u0301cran-2023-04-22-a\u0300-18.44.00-300x116.png 300w, https:\/\/cambraihandball.com\/wp-content\/uploads\/2023\/04\/Capture-de\u0301cran-2023-04-22-a\u0300-18.44.00-768x297.png 768w\" sizes=\"auto, (max-width: 814px) 100vw, 814px\" \/><\/figure>\n\n\n\n<h3 class=\"wp-block-heading\">\u00c9tape 1 &#8211; Acc\u00e8s au calculateur : <\/h3>\n\n\n\n<p><a href=\"https:\/\/www.impots.gouv.fr\/simulateur-bareme-kilometrique\"><mark style=\"background-color:rgba(0, 0, 0, 0)\" class=\"has-inline-color has-vivid-cyan-blue-color\">https:\/\/www.impots.gouv.fr\/simulateur-bareme-kilometrique<\/mark><\/a><\/p>\n\n\n\n<h3 class=\"wp-block-heading\">\u00c9tape 2 &#8211; Compl\u00e9ter les 8 champs ci-dessous et valider<\/h3>\n\n\n\n<figure class=\"wp-block-table\"><table><tbody><tr><td><mark style=\"background-color:#ffffff\" class=\"has-inline-color has-vivid-cyan-blue-color\"><div class='marquee-hsas-shortcode-49' style='width: 100%;overflow: hidden;'><span style=\"\">Compl\u00e9ter les 8 champs ci-dessous pour demander votre attestation puis cliquer sur ENVOYER<\/span><\/div><script>jQuery(function(){jQuery('.marquee-hsas-shortcode-49').marquee({allowCss3Support: true,css3easing: 'linear',easing: 'linear',delayBeforeStart: 2000,direction: 'left',duplicated: true,duration: 10000,gap: 50,pauseOnCycle: true,pauseOnHover: true,startVisible: true});});<\/script><\/mark><\/td><\/tr><\/tbody><\/table><\/figure>\n\n\n\n<div class=\"wpcf7 no-js\" id=\"wpcf7-f146738-o1\" lang=\"fr-FR\" dir=\"ltr\" data-wpcf7-id=\"146738\">\n<div class=\"screen-reader-response\"><p role=\"status\" aria-live=\"polite\" aria-atomic=\"true\"><\/p> <ul><\/ul><\/div>\n<form action=\"\/index.php\/wp-json\/wp\/v2\/pages\/1078#wpcf7-f146738-o1\" method=\"post\" class=\"wpcf7-form init cf7skins cf7t-fieldset-basic cf7s-topaz\" aria-label=\"Formulaire de contact\" novalidate=\"novalidate\" data-status=\"init\">\n<fieldset class=\"hidden-fields-container\"><input type=\"hidden\" name=\"_wpcf7\" value=\"146738\" \/><input type=\"hidden\" name=\"_wpcf7_version\" value=\"6.1.5\" \/><input type=\"hidden\" name=\"_wpcf7_locale\" value=\"fr_FR\" \/><input type=\"hidden\" name=\"_wpcf7_unit_tag\" value=\"wpcf7-f146738-o1\" \/><input type=\"hidden\" name=\"_wpcf7_container_post\" value=\"0\" \/><input type=\"hidden\" name=\"_wpcf7_posted_data_hash\" value=\"\" \/><input type=\"hidden\" name=\"_wpcf7_recaptcha_response\" value=\"\" \/>\n<\/fieldset>\n<ol>\n\t<li><label for=''>Nom et pr\u00e9nom du demandeur de l&#039;attestation <em class=\"cf7s-reqd\">*<\/em> <\/label><span class=\"wpcf7-form-control-wrap\" data-name=\"your-name\"><input size=\"40\" maxlength=\"400\" class=\"wpcf7-form-control wpcf7-text wpcf7-validates-as-required\" aria-required=\"true\" aria-invalid=\"false\" value=\"\" type=\"text\" name=\"your-name\" \/><\/span><\/li>\n<\/ol>\n<ol>\n\t<li><label for=''>Cat\u00e9gorie(s) d&#039;\u00e9quipe(s) concern\u00e9e(s) <em class=\"cf7s-reqd\">*<\/em> <\/label><span class=\"wpcf7-form-control-wrap\" data-name=\"text-516\"><input size=\"40\" maxlength=\"400\" class=\"wpcf7-form-control wpcf7-text wpcf7-validates-as-required\" aria-required=\"true\" aria-invalid=\"false\" value=\"\" type=\"text\" name=\"text-516\" \/><\/span><\/li>\n<\/ol>\n<ol>\n\t<li><label for=''>Votre adresse de courriel <em class=\"cf7s-reqd\">*<\/em> <\/label><span class=\"wpcf7-form-control-wrap\" data-name=\"email-963\"><input size=\"40\" maxlength=\"400\" class=\"wpcf7-form-control wpcf7-email wpcf7-validates-as-required wpcf7-text wpcf7-validates-as-email\" aria-required=\"true\" aria-invalid=\"false\" value=\"\" type=\"email\" name=\"email-963\" \/><\/span><\/li>\n<\/ol>\n<ol>\n\t<li><label for=''>Nom et pr\u00e9nom du b\u00e9n\u00e9ficiaire fiscal <em class=\"cf7s-reqd\">*<\/em> <\/label><span class=\"wpcf7-form-control-wrap\" data-name=\"text-834\"><input size=\"40\" maxlength=\"400\" class=\"wpcf7-form-control wpcf7-text wpcf7-validates-as-required\" aria-required=\"true\" aria-invalid=\"false\" value=\"\" type=\"text\" name=\"text-834\" \/><\/span><\/li>\n<\/ol>\n<ol>\n\t<li><label for=''>Adresse du b\u00e9n\u00e9ficiaire fiscal <em class=\"cf7s-reqd\">*<\/em> <\/label><span class=\"wpcf7-form-control-wrap\" data-name=\"text-294\"><input size=\"40\" maxlength=\"400\" class=\"wpcf7-form-control wpcf7-text wpcf7-validates-as-required\" aria-required=\"true\" aria-invalid=\"false\" value=\"\" type=\"text\" name=\"text-294\" \/><\/span><\/li>\n<\/ol>\n<ol>\n\t<li><label for='number-883'>Code postal <em class=\"cf7s-reqd\">*<\/em> <\/label><span class=\"wpcf7-form-control-wrap\" data-name=\"number-883\"><input class=\"wpcf7-form-control wpcf7-number wpcf7-validates-as-required wpcf7-validates-as-number\" min=\"1000\" max=\"99000\" aria-required=\"true\" aria-invalid=\"false\" value=\"\" type=\"number\" name=\"number-883\" \/><\/span><\/li>\n<\/ol>\n<ol>\n\t<li><label for=''>Ville <em class=\"cf7s-reqd\">*<\/em> <\/label><span class=\"wpcf7-form-control-wrap\" data-name=\"text-976\"><input size=\"40\" maxlength=\"400\" class=\"wpcf7-form-control wpcf7-text wpcf7-validates-as-required\" aria-required=\"true\" aria-invalid=\"false\" value=\"\" type=\"text\" name=\"text-976\" \/><\/span><\/li>\n<\/ol>\nATTENTION NOUVEAUT\u00c9 depuis 2026 : A vous de calculer le montant selon le simulateur en ligne (voir ci-dessus)\n<ol>\n\t<li><label for=''>Montant calcul\u00e9 arrondi \u00e0 l&#039;euro <em class=\"cf7s-reqd\">*<\/em> <\/label><span class=\"wpcf7-form-control-wrap\" data-name=\"number-795\"><input class=\"wpcf7-form-control wpcf7-number wpcf7-validates-as-required wpcf7-validates-as-number\" max=\"4000\" aria-required=\"true\" aria-invalid=\"false\" value=\"\" type=\"number\" name=\"number-795\" \/><\/span><\/li>\n<\/ol>\n<input class=\"wpcf7-form-control wpcf7-submit has-spinner\" type=\"submit\" value=\"Envoyer\" \/><p style=\"display: none !important;\" class=\"akismet-fields-container\" data-prefix=\"_wpcf7_ak_\"><label>&#916;<textarea name=\"_wpcf7_ak_hp_textarea\" cols=\"45\" rows=\"8\" maxlength=\"100\"><\/textarea><\/label><input type=\"hidden\" id=\"ak_js_1\" name=\"_wpcf7_ak_js\" value=\"186\"\/><script>document.getElementById( \"ak_js_1\" ).setAttribute( \"value\", ( new Date() ).getTime() );<\/script><\/p><div class=\"wpcf7-response-output\" aria-hidden=\"true\"><\/div>\n<\/form>\n<\/div>\n\n\n\n\n<p>Cordialement, Lionel Holenstein, tr\u00e9sorier.<\/p>\n","protected":false},"excerpt":{"rendered":"<p>Demande d&rsquo;attestation fiscale sur frais kilom\u00e9triques &#8211; Saison 2025 2026 Le Club tient \u00e0 vous remercier pour votre engagement au c\u00f4t\u00e9 des joueuses et joueurs mais aussi pour cette d\u00e9marche qui soulage grandement la tr\u00e9sorerie du Club. Merci de compl\u00e9ter les 8 champs ci-dessous, vous recevrez \u00e0 l&rsquo;adresse de courriel saisie, votre attestation (Cerfa 11580*05) [&hellip;]<\/p>\n","protected":false},"author":1,"featured_media":0,"parent":141,"menu_order":0,"comment_status":"closed","ping_status":"closed","template":"","meta":{"jetpack_post_was_ever_published":true,"footnotes":""},"class_list":["post-1078","page","type-page","status-publish","hentry"],"jetpack_sharing_enabled":true,"jetpack_shortlink":"https:\/\/wp.me\/P8CKFW-ho","jetpack_likes_enabled":false,"_links":{"self":[{"href":"https:\/\/cambraihandball.com\/index.php\/wp-json\/wp\/v2\/pages\/1078","targetHints":{"allow":["GET"]}}],"collection":[{"href":"https:\/\/cambraihandball.com\/index.php\/wp-json\/wp\/v2\/pages"}],"about":[{"href":"https:\/\/cambraihandball.com\/index.php\/wp-json\/wp\/v2\/types\/page"}],"author":[{"embeddable":true,"href":"https:\/\/cambraihandball.com\/index.php\/wp-json\/wp\/v2\/users\/1"}],"replies":[{"embeddable":true,"href":"https:\/\/cambraihandball.com\/index.php\/wp-json\/wp\/v2\/comments?post=1078"}],"version-history":[{"count":0,"href":"https:\/\/cambraihandball.com\/index.php\/wp-json\/wp\/v2\/pages\/1078\/revisions"}],"up":[{"embeddable":true,"href":"https:\/\/cambraihandball.com\/index.php\/wp-json\/wp\/v2\/pages\/141"}],"wp:attachment":[{"href":"https:\/\/cambraihandball.com\/index.php\/wp-json\/wp\/v2\/media?parent=1078"}],"curies":[{"name":"wp","href":"https:\/\/api.w.org\/{rel}","templated":true}]}}